{"id":38,"date":"2025-03-20T14:49:52","date_gmt":"2025-03-20T12:49:52","guid":{"rendered":"https:\/\/oispaperustulo.fi\/?page_id=38"},"modified":"2025-03-22T13:32:06","modified_gmt":"2025-03-22T11:32:06","slug":"linkkeja","status":"publish","type":"page","link":"https:\/\/oispaperustulo.fi\/?page_id=38","title":{"rendered":"Linkkej\u00e4"},"content":{"rendered":"\n<p class=\"has-fira-code-font-family\">Suomalaisten puolueiden perustulomalleja:<\/p>\n\n\n\n<ul class=\"wp-block-list\">\n<li class=\"has-base-color has-text-color has-link-color has-fira-code-font-family wp-elements-27263935cc484ab51dc12de3ffcf54b0\"><a href=\"https:\/\/www.vihreat.fi\/kaikkien-sosiaaliturva-vihreiden-sosiaaliturvaohjelma\/\" rel=\"noopener\">Vihreiden sosiaaliturvamalli<\/a><\/li>\n\n\n\n<li class=\"has-base-color has-text-color has-link-color has-fira-code-font-family wp-elements-d0762c4c514b4618fd0bcb6d3587a3ab\"><a href=\"https:\/\/vasemmisto.fi\/vasemmistoliiton-sosiaaliturvamalli-kohti-vapaiden-ihmisten-luottamusyhteiskuntaa\/\" rel=\"noopener\">Vasemmistoliiton sosiaaliturvamalli<\/a><\/li>\n\n\n\n<li class=\"has-base-color has-text-color has-link-color has-fira-code-font-family wp-elements-ffd9d075e870e426a3f33baf845808a4\"><a href=\"https:\/\/www.sdp.fi\/uploads\/sites\/2\/2022\/11\/yleisturva-ohjelma.pdf\" rel=\"noopener\">SDP:n sosiaaliturvamalli<\/a> (yleisturvan takuuosa on perustulon kaltainen)<\/li>\n\n\n\n<li class=\"has-base-color has-text-color has-link-color has-fira-code-font-family wp-elements-f9a674c1663328eea69047925781aa59\"><a href=\"https:\/\/web.archive.org\/web\/20200605132826\/https:\/\/www.keskusta.fi\/Suomeksi\/Ohjelmia-ja-politiikkaa\/Uusia-ohjelmia-ja-linjauksia\/Keskustan-perustulomalli\" rel=\"noopener\">Keskustan perustulomalli<\/a><\/li>\n<\/ul>\n\n\n\n<p class=\"has-fira-code-font-family\">Muiden tahojen malleja:<\/p>\n\n\n\n<ul class=\"wp-block-list\">\n<li class=\"has-base-color has-text-color has-link-color has-fira-code-font-family wp-elements-04f9c2ac1cc42c05242813ec7fe8137a\"><a href=\"https:\/\/www.libera.fi\/2013\/12\/10\/perustili-koottu-aineisto\/\" rel=\"noopener\">Liberan perustilimalli<\/a><\/li>\n\n\n\n<li class=\"has-base-color has-text-color has-link-color has-fira-code-font-family wp-elements-68e4224c89ffd9c479e529fdd337677d\"><a href=\"https:\/\/ajatuspajavisio.fi\/ajankohtaista\/analyysi-voiko-kunta-maksaa-perustuloa\/\" rel=\"noopener\">Ajatuspaja Vision kuntalaistulomalli<\/a><\/li>\n<\/ul>\n\n\n\n<p class=\"has-fira-code-font-family\">Lis\u00e4\u00e4 perustulosta:<\/p>\n\n\n\n<ul class=\"wp-block-list\">\n<li class=\"has-base-color has-text-color has-link-color has-fira-code-font-family wp-elements-7be81c53cf331aea0bd1e66cf58f24a3\"><a href=\"https:\/\/perustulo.org\/\" rel=\"noopener\">BIEN Finland \u2013 Suomen perustuloverkosto<\/a> (tietoa, toimintaa ja lis\u00e4\u00e4 linkkej\u00e4)<\/li>\n<\/ul>\n\n\n\n<p><\/p>\n","protected":false},"excerpt":{"rendered":"<p>Suomalaisten puolueiden perustulomalleja: Muiden tahojen malleja: Lis\u00e4\u00e4 perustulosta:<\/p>\n","protected":false},"author":1,"featured_media":0,"parent":0,"menu_order":0,"comment_status":"closed","ping_status":"closed","template":"","meta":{"_monsterinsights_skip_tracking":false,"_monsterinsights_sitenote_active":false,"_monsterinsights_sitenote_note":"","_monsterinsights_sitenote_category":0,"footnotes":""},"class_list":["post-38","page","type-page","status-publish","hentry"],"_links":{"self":[{"href":"https:\/\/oispaperustulo.fi\/index.php?rest_route=\/wp\/v2\/pages\/38","targetHints":{"allow":["GET"]}}],"collection":[{"href":"https:\/\/oispaperustulo.fi\/index.php?rest_route=\/wp\/v2\/pages"}],"about":[{"href":"https:\/\/oispaperustulo.fi\/index.php?rest_route=\/wp\/v2\/types\/page"}],"author":[{"embeddable":true,"href":"https:\/\/oispaperustulo.fi\/index.php?rest_route=\/wp\/v2\/users\/1"}],"replies":[{"embeddable":true,"href":"https:\/\/oispaperustulo.fi\/index.php?rest_route=%2Fwp%2Fv2%2Fcomments&post=38"}],"version-history":[{"count":3,"href":"https:\/\/oispaperustulo.fi\/index.php?rest_route=\/wp\/v2\/pages\/38\/revisions"}],"predecessor-version":[{"id":45,"href":"https:\/\/oispaperustulo.fi\/index.php?rest_route=\/wp\/v2\/pages\/38\/revisions\/45"}],"wp:attachment":[{"href":"https:\/\/oispaperustulo.fi\/index.php?rest_route=%2Fwp%2Fv2%2Fmedia&parent=38"}],"curies":[{"name":"wp","href":"https:\/\/api.w.org\/{rel}","templated":true}]}}