{"id":22,"date":"2025-03-08T18:54:49","date_gmt":"2025-03-08T16:54:49","guid":{"rendered":"https:\/\/oispaperustulo.fi\/?page_id=22"},"modified":"2025-03-20T14:55:26","modified_gmt":"2025-03-20T12:55:26","slug":"tietoja","status":"publish","type":"page","link":"https:\/\/oispaperustulo.fi\/?page_id=22","title":{"rendered":"Tietoja"},"content":{"rendered":"\n<p class=\"has-fira-code-font-family\">Sivustoa yll\u00e4pit\u00e4\u00e4 perustuloasiantuntija- ja aktivisti Lukas Korpelainen.<\/p>\n\n\n\n<p class=\"has-base-color has-text-color has-link-color has-fira-code-font-family wp-elements-86474668871bb422faab4342736a07af\"><a href=\"https:\/\/korpelainen.fi\/otayhteytta\/\" rel=\"noopener\">Ota yhteytt\u00e4<\/a><\/p>\n\n\n\n<p><\/p>\n","protected":false},"excerpt":{"rendered":"<p>Sivustoa yll\u00e4pit\u00e4\u00e4 perustuloasiantuntija- ja aktivisti Lukas Korpelainen. Ota yhteytt\u00e4<\/p>\n","protected":false},"author":1,"featured_media":0,"parent":0,"menu_order":0,"comment_status":"closed","ping_status":"closed","template":"","meta":{"_monsterinsights_skip_tracking":false,"_monsterinsights_sitenote_active":false,"_monsterinsights_sitenote_note":"","_monsterinsights_sitenote_category":0,"footnotes":""},"class_list":["post-22","page","type-page","status-publish","hentry"],"_links":{"self":[{"href":"https:\/\/oispaperustulo.fi\/index.php?rest_route=\/wp\/v2\/pages\/22","targetHints":{"allow":["GET"]}}],"collection":[{"href":"https:\/\/oispaperustulo.fi\/index.php?rest_route=\/wp\/v2\/pages"}],"about":[{"href":"https:\/\/oispaperustulo.fi\/index.php?rest_route=\/wp\/v2\/types\/page"}],"author":[{"embeddable":true,"href":"https:\/\/oispaperustulo.fi\/index.php?rest_route=\/wp\/v2\/users\/1"}],"replies":[{"embeddable":true,"href":"https:\/\/oispaperustulo.fi\/index.php?rest_route=%2Fwp%2Fv2%2Fcomments&post=22"}],"version-history":[{"count":2,"href":"https:\/\/oispaperustulo.fi\/index.php?rest_route=\/wp\/v2\/pages\/22\/revisions"}],"predecessor-version":[{"id":33,"href":"https:\/\/oispaperustulo.fi\/index.php?rest_route=\/wp\/v2\/pages\/22\/revisions\/33"}],"wp:attachment":[{"href":"https:\/\/oispaperustulo.fi\/index.php?rest_route=%2Fwp%2Fv2%2Fmedia&parent=22"}],"curies":[{"name":"wp","href":"https:\/\/api.w.org\/{rel}","templated":true}]}}